{"id":5049,"date":"2023-09-04T12:21:32","date_gmt":"2023-09-04T10:21:32","guid":{"rendered":"https:\/\/szigetkozportal.hu\/szigetkoz-turizmusaert-egyesulet\/"},"modified":"2024-05-23T13:16:44","modified_gmt":"2024-05-23T11:16:44","slug":"szigetkoz-turizmusaert-egyesulet","status":"publish","type":"page","link":"https:\/\/szigetkozportal.hu\/sk\/","title":{"rendered":"Szigetk\u00f6z Turizmus\u00e1\u00e9rt Egyes\u00fclet"},"content":{"rendered":"\n<h2>\n\t\tH\u00edrek, esem\u00e9nyek, projektek\n\t<\/h2>\n<h2>\n\t\tAktu\u00e1lis\n\t<\/h2>\n\n","protected":false},"excerpt":{"rendered":"<p>H\u00edrek, esem\u00e9nyek, projektek Aktu\u00e1lis<\/p>\n","protected":false},"author":1,"featured_media":0,"parent":0,"menu_order":0,"comment_status":"closed","ping_status":"closed","template":"","meta":{"_acf_changed":false,"footnotes":"","_links_to":"","_links_to_target":""},"class_list":["post-5049","page","type-page","status-publish","hentry"],"acf":[],"_links":{"self":[{"href":"https:\/\/szigetkozportal.hu\/sk\/wp-json\/wp\/v2\/pages\/5049","targetHints":{"allow":["GET"]}}],"collection":[{"href":"https:\/\/szigetkozportal.hu\/sk\/wp-json\/wp\/v2\/pages"}],"about":[{"href":"https:\/\/szigetkozportal.hu\/sk\/wp-json\/wp\/v2\/types\/page"}],"author":[{"embeddable":true,"href":"https:\/\/szigetkozportal.hu\/sk\/wp-json\/wp\/v2\/users\/1"}],"replies":[{"embeddable":true,"href":"https:\/\/szigetkozportal.hu\/sk\/wp-json\/wp\/v2\/comments?post=5049"}],"version-history":[{"count":1,"href":"https:\/\/szigetkozportal.hu\/sk\/wp-json\/wp\/v2\/pages\/5049\/revisions"}],"predecessor-version":[{"id":5156,"href":"https:\/\/szigetkozportal.hu\/sk\/wp-json\/wp\/v2\/pages\/5049\/revisions\/5156"}],"wp:attachment":[{"href":"https:\/\/szigetkozportal.hu\/sk\/wp-json\/wp\/v2\/media?parent=5049"}],"curies":[{"name":"wp","href":"https:\/\/api.w.org\/{rel}","templated":true}]}}