{"id":4531,"date":"2023-12-18T07:00:21","date_gmt":"2023-12-18T06:00:21","guid":{"rendered":"https:\/\/szigetkozportal.hu\/termalne-kupaliska-a-plaze\/"},"modified":"2023-12-18T07:00:21","modified_gmt":"2023-12-18T06:00:21","slug":"termalne-kupaliska-a-plaze","status":"publish","type":"page","link":"https:\/\/szigetkozportal.hu\/sk\/termalne-kupaliska-a-plaze\/","title":{"rendered":"Term\u00e1lne k\u00fapalisk\u00e1 a pl\u00e1\u017ee"},"content":{"rendered":"","protected":false},"excerpt":{"rendered":"","protected":false},"author":1,"featured_media":0,"parent":0,"menu_order":0,"comment_status":"closed","ping_status":"closed","template":"","meta":{"_acf_changed":false,"footnotes":"","_links_to":"","_links_to_target":""},"class_list":["post-4531","page","type-page","status-publish","hentry"],"acf":[],"_links":{"self":[{"href":"https:\/\/szigetkozportal.hu\/sk\/wp-json\/wp\/v2\/pages\/4531","targetHints":{"allow":["GET"]}}],"collection":[{"href":"https:\/\/szigetkozportal.hu\/sk\/wp-json\/wp\/v2\/pages"}],"about":[{"href":"https:\/\/szigetkozportal.hu\/sk\/wp-json\/wp\/v2\/types\/page"}],"author":[{"embeddable":true,"href":"https:\/\/szigetkozportal.hu\/sk\/wp-json\/wp\/v2\/users\/1"}],"replies":[{"embeddable":true,"href":"https:\/\/szigetkozportal.hu\/sk\/wp-json\/wp\/v2\/comments?post=4531"}],"version-history":[{"count":0,"href":"https:\/\/szigetkozportal.hu\/sk\/wp-json\/wp\/v2\/pages\/4531\/revisions"}],"wp:attachment":[{"href":"https:\/\/szigetkozportal.hu\/sk\/wp-json\/wp\/v2\/media?parent=4531"}],"curies":[{"name":"wp","href":"https:\/\/api.w.org\/{rel}","templated":true}]}}