{"id":4424,"date":"2023-09-17T22:50:32","date_gmt":"2023-09-17T20:50:32","guid":{"rendered":"https:\/\/szigetkozportal.hu\/publikacie-na-stiahnutie\/"},"modified":"2026-04-17T15:39:32","modified_gmt":"2026-04-17T13:39:32","slug":"publikacie-na-stiahnutie","status":"publish","type":"page","link":"https:\/\/szigetkozportal.hu\/sk\/publikacie-na-stiahnutie\/","title":{"rendered":"Publik\u00e1cie na stiahnutie"},"content":{"rendered":"\n<h2>\n\t\tPublik\u00e1cie na stiahnutie\n\t<\/h2>\n\t\t\t\t\t\t<h5>Mosonmagyar\u00f3v\u00e1r, Szigetk\u00f6z, Gy\u0151r (HUN)<\/h5>\n\t\t\t<div class=\"real3dflipbook\" id=\"3_69e8a6783bcbc\" style=\"position:absolute;\"><\/div>\n\t\t\t\t\t\t<h5>Mosonmagyar\u00f3v\u00e1r, Szigetk\u00f6z, Gy\u0151r (ENG)<\/h5>\n\t\t\t<div class=\"real3dflipbook\" id=\"9_69e8a6783be2c\" style=\"position:absolute;\"><\/div>\n\t\t\t\t\t\t<h5>Mosonmagyar\u00f3v\u00e1r, Gy\u00f5r, Sch\u00fcttinsel (DE)<\/h5>\n\t\t\t<div class=\"real3dflipbook\" id=\"8_69e8a6783bf06\" style=\"position:absolute;\"><\/div>\n\t\t\t\t\t\t<h5>Mosonmagyar\u00f3v\u00e1r, Gy\u00f5r a Mal\u00fd \u017ditn\u00fd (SK)<\/h5>\n\t\t\t<div class=\"real3dflipbook\" id=\"10_69e8a6783bfb6\" style=\"position:absolute;\"><\/div>\n\t\t\t\t\t\t<h5>Mosonmagyar\u00f3v\u00e1r i Szigetk\u00f6z (PL)<\/h5>\n\t\t\t<div class=\"real3dflipbook\" id=\"11_69e8a6783c070\" style=\"position:absolute;\"><\/div>\n\t\t\t\t\t\t<h5>T\u00far\u00e1z\u00e1si szab\u00e1lyok a Szigetk\u00f6zben (HUN)<\/h5>\n\t\t\t<div class=\"real3dflipbook\" id=\"4_69e8a6783c11c\" style=\"position:absolute;\"><\/div>\n\t\t\t\t\t\t<h5>Szigetk\u00f6z &#038; Csall\u00f3k\u00f6z (HUN, DE, ENG, SK)<\/h5>\n\t\t\t<div class=\"real3dflipbook\" id=\"5_69e8a6783c1c1\" style=\"position:absolute;\"><\/div>\n\t\t\t\t\t\t<h5>SacraVelo &#8211; Szakr\u00e1lis ker\u00e9kp\u00e1rutak (HUN)<\/h5>\n\t\t\t<div class=\"real3dflipbook\" id=\"6_69e8a6783c269\" style=\"position:absolute;\"><\/div>\n\t\t\t\t\t\t<h5>Szigetk\u00f6z &#038; Csall\u00f3k\u00f6z MAP<\/h5>\n\t\t\t<div class=\"real3dflipbook\" id=\"7_69e8a6783c30f\" style=\"position:absolute;\"><\/div>\n\t\t\t\t\t\t<h5>T\u00e9rk\u00e9p, Karte, Map, Mapa (HUN, DE, ENG, SK)<\/h5>\n\t\t\t<div class=\"real3dflipbook\" id=\"12_69e8a6783c3ab\" style=\"position:absolute;\"><\/div>\n\t\t\t\t\t\t<h5>V\u00edzit\u00far\u00e1k, Water tours (HUN, DE, ENG, SK)<\/h5>\n<code><div class=\"real3dflipbook\" id=\"5_69e8a6783c44d\" style=\"position:absolute;\"><\/div><\/code>\n<h2>K\u00f6zz\u00e9t\u00e9tel<\/h2>\n\u00a0\n\t\t\t\t\t\t<h5>Mosonmagyar\u00f3v\u00e1r &#038; Szigetk\u00f6z (HUN)<\/h5>\n\t\t\t<p><code><div class=\"real3dflipbook\" id=\"1_69e8a6783c47c\" style=\"position:absolute;\"><\/div><\/code><\/p>\n\t\t\t\t\t\t<h5>Mosonmagyar\u00f3v\u00e1r &#038; Szigetk\u00f6z (ENG)<\/h5>\n\t\t\t<p><code><div class=\"real3dflipbook\" id=\"3_69e8a6783c523\" style=\"position:absolute;\"><\/div><\/code><\/p>\n\t\t\t\t\t\t<h5>Mosonmagyar\u00f3v\u00e1r &#038; Szigetk\u00f6z (DE)<\/h5>\n\t\t\t<p><code><div class=\"real3dflipbook\" id=\"2_69e8a6783c553\" style=\"position:absolute;\"><\/div><\/code><\/p>\n\t\t\t\t\t\t<h5>Mosonmagyar\u00f3v\u00e1r &#038; Szigetk\u00f6z (SK)<\/h5>\n\t\t\t<p><code><div class=\"real3dflipbook\" id=\"4_69e8a6783c5f4\" style=\"position:absolute;\"><\/div><\/code><\/p>\n\t\t\t\t\t\t<h5>Aktivit\u00e1sok, Aktivit\u00e4ten (HUN, DE)<\/h5>\n\t\t\t<div class=\"real3dflipbook\" id=\"18_69e8a6783c621\" style=\"position:absolute;\"><\/div>\n\t\t\t\t\t\t<h5>Ativities, Akt\u00edvne programy (ENG, SK)<\/h5>\n\t\t\t<div class=\"real3dflipbook\" id=\"19_69e8a6783c6c1\" style=\"position:absolute;\"><\/div>\n\t\t\t\t\t\t<h5>Hotels &#038; Restaurants (HUN, DE, ENG, SK)<\/h5>\n\t\t\t<div class=\"real3dflipbook\" id=\"20_69e8a6783c779\" style=\"position:absolute;\"><\/div>\n\t\t\t\t\t\t<h5>Vir\u00e1gz\u00f3 V\u00e1ros (HUN)<\/h5>\n\t\t\t<div class=\"real3dflipbook\" id=\"21_69e8a6783c81b\" style=\"position:absolute;\"><\/div>\n\t\t\t\t\t\t<h5>Bl\u00fchende Stadt (DE)<\/h5>\n\t\t\t<div class=\"real3dflipbook\" id=\"22_69e8a6783c8d6\" style=\"position:absolute;\"><\/div>\n\t\t\t\t\t\t<h5>Blooming City (ENG)<\/h5>\n\t\t\t<div class=\"real3dflipbook\" id=\"23_69e8a6783c97b\" style=\"position:absolute;\"><\/div>\n\t\t\t\t\t\t<h5>T\u00e9rs\u00e9gfejleszt\u00e9si TDM strat\u00e9gia 2013-2020 (HUN)<\/h5>\n\t\t\t<div class=\"real3dflipbook\" id=\"24_69e8a6783ca2f\" style=\"position:absolute;\"><\/div>\n\t\t\t\t\t\t<h5>T\u00e9rs\u00e9gfejleszt\u00e9si TDM strat\u00e9gia 2020-2025 (HUN)<\/h5>\n\t\t\t<div class=\"real3dflipbook\" id=\"25_69e8a6783cae0\" style=\"position:absolute;\"><\/div>\n\n","protected":false},"excerpt":{"rendered":"<p>Publik\u00e1cie na stiahnutie Mosonmagyar\u00f3v\u00e1r, Szigetk\u00f6z, Gy\u0151r (HUN) Mosonmagyar\u00f3v\u00e1r, Szigetk\u00f6z, Gy\u0151r (ENG) Mosonmagyar\u00f3v\u00e1r, Gy\u00f5r, Sch\u00fcttinsel (DE) Mosonmagyar\u00f3v\u00e1r, Gy\u00f5r a Mal\u00fd \u017ditn\u00fd (SK) Mosonmagyar\u00f3v\u00e1r i Szigetk\u00f6z (PL) T\u00far\u00e1z\u00e1si szab\u00e1lyok a Szigetk\u00f6zben (HUN) Szigetk\u00f6z &#038; Csall\u00f3k\u00f6z (HUN, DE, ENG, SK) SacraVelo &#8211; Szakr\u00e1lis ker\u00e9kp\u00e1rutak (HUN) Szigetk\u00f6z &#038; Csall\u00f3k\u00f6z MAP T\u00e9rk\u00e9p, Karte, Map, Mapa (HUN, DE, ENG, SK) V\u00edzit\u00far\u00e1k,&hellip;<\/p>\n","protected":false},"author":1,"featured_media":0,"parent":0,"menu_order":0,"comment_status":"closed","ping_status":"closed","template":"","meta":{"_acf_changed":false,"footnotes":"","_links_to":"","_links_to_target":""},"class_list":["post-4424","page","type-page","status-publish","hentry"],"acf":[],"_links":{"self":[{"href":"https:\/\/szigetkozportal.hu\/sk\/wp-json\/wp\/v2\/pages\/4424","targetHints":{"allow":["GET"]}}],"collection":[{"href":"https:\/\/szigetkozportal.hu\/sk\/wp-json\/wp\/v2\/pages"}],"about":[{"href":"https:\/\/szigetkozportal.hu\/sk\/wp-json\/wp\/v2\/types\/page"}],"author":[{"embeddable":true,"href":"https:\/\/szigetkozportal.hu\/sk\/wp-json\/wp\/v2\/users\/1"}],"replies":[{"embeddable":true,"href":"https:\/\/szigetkozportal.hu\/sk\/wp-json\/wp\/v2\/comments?post=4424"}],"version-history":[{"count":1,"href":"https:\/\/szigetkozportal.hu\/sk\/wp-json\/wp\/v2\/pages\/4424\/revisions"}],"predecessor-version":[{"id":5695,"href":"https:\/\/szigetkozportal.hu\/sk\/wp-json\/wp\/v2\/pages\/4424\/revisions\/5695"}],"wp:attachment":[{"href":"https:\/\/szigetkozportal.hu\/sk\/wp-json\/wp\/v2\/media?parent=4424"}],"curies":[{"name":"wp","href":"https:\/\/api.w.org\/{rel}","templated":true}]}}