{"id":4357,"date":"2023-09-05T07:18:12","date_gmt":"2023-09-05T05:18:12","guid":{"rendered":"https:\/\/szigetkozportal.hu\/o-nas\/"},"modified":"2025-06-16T07:34:46","modified_gmt":"2025-06-16T05:34:46","slug":"o-nas","status":"publish","type":"page","link":"https:\/\/szigetkozportal.hu\/sk\/o-nas\/","title":{"rendered":"O n\u00e1s"},"content":{"rendered":"\n<h2>\n\t\tO n\u00e1s\n\t<\/h2>\n\t<p>O n\u00e1s<\/p>\n\t\t<h3>Z\u00e1kladn\u00e9 pravidlo<\/h3>\n\t\t\t<p>Z\u00e1kladn\u00e9 pravidlo<\/p>\n\t\t\t<a href=\"https:\/\/szigetkozportal.hu\/wp-content\/uploads\/alapszab.pdf\" target=\"_blank\" rel=\"noopener\"  role=\"button\" aria-label=\"Download\">\n\t\t\t\t\t\t\tDownload\n\t\t<\/a>\n\t\t<h3>Arculati k\u00e9zik\u00f6nyv<\/h3>\n\t\t\t<a href=\"https:\/\/szigetkozportal.hu\/wp-content\/uploads\/Szigetkoz_TDM_arculati_kezikonyv.pdf\" target=\"_blank\" rel=\"noopener\"  role=\"button\" aria-label=\"Download\">\n\t\t\t\t\t\t\tDownload\n\t\t<\/a>\n\n","protected":false},"excerpt":{"rendered":"<p>O n\u00e1s O n\u00e1s Z\u00e1kladn\u00e9 pravidlo Z\u00e1kladn\u00e9 pravidlo Download Arculati k\u00e9zik\u00f6nyv Download<\/p>\n","protected":false},"author":1,"featured_media":0,"parent":0,"menu_order":0,"comment_status":"closed","ping_status":"closed","template":"","meta":{"_acf_changed":false,"footnotes":"","_links_to":"","_links_to_target":""},"class_list":["post-4357","page","type-page","status-publish","hentry"],"acf":[],"_links":{"self":[{"href":"https:\/\/szigetkozportal.hu\/sk\/wp-json\/wp\/v2\/pages\/4357","targetHints":{"allow":["GET"]}}],"collection":[{"href":"https:\/\/szigetkozportal.hu\/sk\/wp-json\/wp\/v2\/pages"}],"about":[{"href":"https:\/\/szigetkozportal.hu\/sk\/wp-json\/wp\/v2\/types\/page"}],"author":[{"embeddable":true,"href":"https:\/\/szigetkozportal.hu\/sk\/wp-json\/wp\/v2\/users\/1"}],"replies":[{"embeddable":true,"href":"https:\/\/szigetkozportal.hu\/sk\/wp-json\/wp\/v2\/comments?post=4357"}],"version-history":[{"count":1,"href":"https:\/\/szigetkozportal.hu\/sk\/wp-json\/wp\/v2\/pages\/4357\/revisions"}],"predecessor-version":[{"id":5703,"href":"https:\/\/szigetkozportal.hu\/sk\/wp-json\/wp\/v2\/pages\/4357\/revisions\/5703"}],"wp:attachment":[{"href":"https:\/\/szigetkozportal.hu\/sk\/wp-json\/wp\/v2\/media?parent=4357"}],"curies":[{"name":"wp","href":"https:\/\/api.w.org\/{rel}","templated":true}]}}