{"id":4354,"date":"2023-09-05T07:18:12","date_gmt":"2023-09-05T05:18:12","guid":{"rendered":"https:\/\/szigetkozportal.hu\/about-us\/"},"modified":"2025-06-16T07:34:30","modified_gmt":"2025-06-16T05:34:30","slug":"about-us","status":"publish","type":"page","link":"https:\/\/szigetkozportal.hu\/en\/about-us\/","title":{"rendered":"About us"},"content":{"rendered":"\n<h2>\n\t\tAbout us\n\t<\/h2>\n\tSzigetk\u00f6z Turizmus\u00e1\u00e9rt Egyes\u00fclet (Association of Szigetk\u00f6z Tourism) was established in 2009. the 17th of September with 52 members (4 self-governments, 6 non-governmental organizations, 42 entrepreneurs). This Association is absolutely correspond to the esplanade Touristic Destination Management (TDM) organization, which supplies the modern marketing tasks in the region. The strength of the Association is to stick together the direct and indirect performers of the local tourism, where the main aim is the cooperation between them.<br \/>\nOur Association thought that we have bigger chance to submit tenders as a TDM organization instead of being a Public Foundation, because by the calling of tenders (now and in the future as well) the TDM organizations are preferred contrary to the Foundation by the final consideration. In 2010. the 1st of July the actuation was received from the Mosonmagyar\u00f3v\u00e1r Idegenforgalm\u00e1\u00e9rt K\u00f6zalap\u00edtv\u00e1ny (Public Foundation of Mosonmagyar\u00f3v\u00e1r&#8217;s Tourism).\n<p><em><strong>The purposes of the Association<\/strong><\/em><\/p>\n<p>The purpose of the Association is the development of the tourism, which is based on the partnership of the private and public sphere and the common interest:<\/p>\n<p>\u2022\u00a0the vocational cohesion of the people, working in the tourism<\/p>\n<p>\u2022\u00a0the equipment\u00a0 of the representation of interest for people, working in the tourism<\/p>\n<p>\u2022\u00a0the boost of the regional tourism<\/p>\n<p>\u2022\u00a0the transmission of the marketing cognitions on areal level, and the propagation of the right practices.<\/p>\n<p><em><strong>The tasks of the Association for the execution of ambitions:<\/strong><\/em><\/p>\n<p>\u2022\u00a0to cooperation with the local Tourist Information&#8217;s Office<\/p>\n<p>\u2022\u00a0to\u00a0 procreate and actuate\u00a0 the\u00a0 Touristic Destination Management<\/p>\n<p>\u2022\u00a0to complete\u00a0 the regional tourism&#8217;s marketing tasks (image, communication in the media, PR)<\/p>\n<p>\u2022\u00a0to organize, coordinate and support the edition of the touristic brochures and the appearance on high quality<\/p>\n<p>\u2022\u00a0to transmit the touristic products to inland and export markets<\/p>\n<p>\u2022\u00a0to take part in the innovation of the touristic products and establish new products in the<\/p>\n<p>\u2022\u00a0tourism (cultural-, eco-, angling-, wine-, equestrian-, program tourism)<\/p>\n<p>\u2022\u00a0to cooperate with the professional organizations of the local area-, county-, and region.<\/p>\n<p>\u2022\u00a0to inchoate the establishment of new touristic events, and take part in the transaction of traditional programs (planning, coordinating, lobbying).<\/p>\n<p>\u2022\u00a0to stimulate the innovative capabilities in the region of the tourism.<\/p>\n<p>\u2022\u00a0to make overtures to the representative guard about the execution of development in tourism, and set the course in the matter of the settlements&#8217; innovation.<\/p>\n<p>\u2022\u00a0to chart with questionnaires among the visitors and other affected ones<\/p>\n<p>\u2022\u00a0to lend professional assistance to the development and demonstration of the infrastructure in tourism<\/p>\n\t\t<h3>Constitution<\/h3>\n<p>The Constitutoin of the Association of Szigetk\u00f6z Tourism was passed with the fallowing legal background and content by the Statuary Meeting: Right of the Union 1989. II. act, and Civil Code 1959. IV. act 61-63. \u00a7-s.<\/p>\n\t\t\t<a href=\"https:\/\/szigetkozportal.hu\/wp-content\/uploads\/alapszab.pdf\" target=\"_blank\" rel=\"noopener\"  role=\"button\" aria-label=\"Download\">\n\t\t\t\t\t\t\tDownload\n\t\t<\/a>\n\t\t<h3>Arculati k\u00e9zik\u00f6nyv<\/h3>\n\t\t\t<a href=\"https:\/\/szigetkozportal.hu\/wp-content\/uploads\/Szigetkoz_TDM_arculati_kezikonyv.pdf\" target=\"_blank\" rel=\"noopener\"  role=\"button\" aria-label=\"Download\">\n\t\t\t\t\t\t\tDownload\n\t\t<\/a>\n\n","protected":false},"excerpt":{"rendered":"<p>About us Szigetk\u00f6z Turizmus\u00e1\u00e9rt Egyes\u00fclet (Association of Szigetk\u00f6z Tourism) was established in 2009. the 17th of September with 52 members (4 self-governments, 6 non-governmental organizations, 42 entrepreneurs). This Association is absolutely correspond to the esplanade Touristic Destination Management (TDM) organization, which supplies the modern marketing tasks in the region. The strength of the Association is&hellip;<\/p>\n","protected":false},"author":1,"featured_media":0,"parent":0,"menu_order":0,"comment_status":"closed","ping_status":"closed","template":"","meta":{"_acf_changed":false,"footnotes":"","_links_to":"","_links_to_target":""},"class_list":["post-4354","page","type-page","status-publish","hentry"],"acf":[],"_links":{"self":[{"href":"https:\/\/szigetkozportal.hu\/en\/wp-json\/wp\/v2\/pages\/4354","targetHints":{"allow":["GET"]}}],"collection":[{"href":"https:\/\/szigetkozportal.hu\/en\/wp-json\/wp\/v2\/pages"}],"about":[{"href":"https:\/\/szigetkozportal.hu\/en\/wp-json\/wp\/v2\/types\/page"}],"author":[{"embeddable":true,"href":"https:\/\/szigetkozportal.hu\/en\/wp-json\/wp\/v2\/users\/1"}],"replies":[{"embeddable":true,"href":"https:\/\/szigetkozportal.hu\/en\/wp-json\/wp\/v2\/comments?post=4354"}],"version-history":[{"count":1,"href":"https:\/\/szigetkozportal.hu\/en\/wp-json\/wp\/v2\/pages\/4354\/revisions"}],"predecessor-version":[{"id":5701,"href":"https:\/\/szigetkozportal.hu\/en\/wp-json\/wp\/v2\/pages\/4354\/revisions\/5701"}],"wp:attachment":[{"href":"https:\/\/szigetkozportal.hu\/en\/wp-json\/wp\/v2\/media?parent=4354"}],"curies":[{"name":"wp","href":"https:\/\/api.w.org\/{rel}","templated":true}]}}