{"id":4355,"date":"2023-09-05T07:18:12","date_gmt":"2023-09-05T05:18:12","guid":{"rendered":"https:\/\/szigetkozportal.hu\/ueber-uns\/"},"modified":"2025-06-16T07:34:39","modified_gmt":"2025-06-16T05:34:39","slug":"ueber-uns","status":"publish","type":"page","link":"https:\/\/szigetkozportal.hu\/de\/ueber-uns\/","title":{"rendered":"\u00dcber uns"},"content":{"rendered":"\n<h2>\n\t\t\u00dcber uns\n\t<\/h2>\n\t<p>\u00dcber uns<\/p>\n\t\t<h3>Grundregeln<\/h3>\n\t\t\t<p>Grundregeln<\/p>\n\t\t\t<a href=\"https:\/\/szigetkozportal.hu\/wp-content\/uploads\/alapszab.pdf\" target=\"_blank\" rel=\"noopener\"  role=\"button\" aria-label=\"Download\">\n\t\t\t\t\t\t\tDownload\n\t\t<\/a>\n\t\t<h3>Arculati k\u00e9zik\u00f6nyv<\/h3>\n\t\t\t<a href=\"https:\/\/szigetkozportal.hu\/wp-content\/uploads\/Szigetkoz_TDM_arculati_kezikonyv.pdf\" target=\"_blank\" rel=\"noopener\"  role=\"button\" aria-label=\"Download\">\n\t\t\t\t\t\t\tDownload\n\t\t<\/a>\n\n","protected":false},"excerpt":{"rendered":"<p>\u00dcber uns \u00dcber uns Grundregeln Grundregeln Download Arculati k\u00e9zik\u00f6nyv Download<\/p>\n","protected":false},"author":1,"featured_media":0,"parent":0,"menu_order":0,"comment_status":"closed","ping_status":"closed","template":"","meta":{"_acf_changed":false,"footnotes":"","_links_to":"","_links_to_target":""},"class_list":["post-4355","page","type-page","status-publish","hentry"],"acf":[],"_links":{"self":[{"href":"https:\/\/szigetkozportal.hu\/de\/wp-json\/wp\/v2\/pages\/4355","targetHints":{"allow":["GET"]}}],"collection":[{"href":"https:\/\/szigetkozportal.hu\/de\/wp-json\/wp\/v2\/pages"}],"about":[{"href":"https:\/\/szigetkozportal.hu\/de\/wp-json\/wp\/v2\/types\/page"}],"author":[{"embeddable":true,"href":"https:\/\/szigetkozportal.hu\/de\/wp-json\/wp\/v2\/users\/1"}],"replies":[{"embeddable":true,"href":"https:\/\/szigetkozportal.hu\/de\/wp-json\/wp\/v2\/comments?post=4355"}],"version-history":[{"count":2,"href":"https:\/\/szigetkozportal.hu\/de\/wp-json\/wp\/v2\/pages\/4355\/revisions"}],"predecessor-version":[{"id":5702,"href":"https:\/\/szigetkozportal.hu\/de\/wp-json\/wp\/v2\/pages\/4355\/revisions\/5702"}],"wp:attachment":[{"href":"https:\/\/szigetkozportal.hu\/de\/wp-json\/wp\/v2\/media?parent=4355"}],"curies":[{"name":"wp","href":"https:\/\/api.w.org\/{rel}","templated":true}]}}